{"id":4787,"date":"2024-12-09T14:39:38","date_gmt":"2024-12-09T13:39:38","guid":{"rendered":"https:\/\/agvolution.com\/pie-de-imprenta\/"},"modified":"2025-01-22T11:26:25","modified_gmt":"2025-01-22T10:26:25","slug":"pie-de-imprenta","status":"publish","type":"page","link":"https:\/\/agvolution.com\/es\/pie-de-imprenta\/","title":{"rendered":"Pie de imprenta"},"content":{"rendered":"\t\t<div data-elementor-type=\"wp-page\" data-elementor-id=\"4787\" class=\"elementor elementor-4787 elementor-2212\" data-elementor-post-type=\"page\">\n\t\t\t\t<div class=\"elementor-element elementor-element-cc123b7 e-con-full e-flex e-con e-parent\" data-id=\"cc123b7\" data-element_type=\"container\" data-e-type=\"container\" data-settings=\"{&quot;background_background&quot;:&quot;gradient&quot;}\">\n\t\t<div class=\"elementor-element elementor-element-8f664f1 e-con-full e-flex e-con e-child\" data-id=\"8f664f1\" data-element_type=\"container\" data-e-type=\"container\">\n\t\t<div class=\"elementor-element elementor-element-c4cfd70 e-con-full e-flex e-con e-child\" data-id=\"c4cfd70\" data-element_type=\"container\" data-e-type=\"container\">\n\t\t\t\t<div class=\"elementor-element elementor-element-d81b0b2 back-btn elementor-hidden-desktop elementor-hidden-laptop elementor-widget elementor-widget-button\" data-id=\"d81b0b2\" data-element_type=\"widget\" data-e-type=\"widget\" data-widget_type=\"button.default\">\n\t\t\t\t<div class=\"elementor-widget-container\">\n\t\t\t\t\t\t\t\t\t<div class=\"elementor-button-wrapper\">\n\t\t\t\t\t<a class=\"elementor-button elementor-button-link elementor-size-sm\" href=\"#\">\n\t\t\t\t\t\t<span class=\"elementor-button-content-wrapper\">\n\t\t\t\t\t\t<span class=\"elementor-button-icon\">\n\t\t\t\t<svg xmlns=\"http:\/\/www.w3.org\/2000\/svg\" width=\"16.219\" height=\"13.436\" viewBox=\"0 0 16.219 13.436\"><g id=\"icon_arrow-left\" transform=\"translate(0 13.436) rotate(-90)\"><path id=\"Linie_5\" data-name=\"Linie 5\" d=\"M1.075,0A1.074,1.074,0,0,0,0,1.074v12.1a1.075,1.075,0,0,0,2.149,0V1.074A1.074,1.074,0,0,0,1.075,0Z\" transform=\"translate(5.643 1.967)\"><\/path><path id=\"Linie_6\" data-name=\"Linie 6\" d=\"M1.074,0A1.074,1.074,0,0,0,0,1.075V8.425a1.075,1.075,0,0,0,2.149,0V1.075A1.075,1.075,0,0,0,1.074,0Z\" transform=\"translate(5.198 1.519) rotate(-45)\"><\/path><path id=\"Linie_7\" data-name=\"Linie 7\" d=\"M1.075,0A1.075,1.075,0,0,0,0,1.075V8.425a1.075,1.075,0,1,0,2.149,0V1.075A1.074,1.074,0,0,0,1.075,0Z\" transform=\"translate(6.717 0) rotate(45)\"><\/path><\/g><\/svg>\t\t\t<\/span>\n\t\t\t\t\t\t\t\t\t<span class=\"elementor-button-text\">Volver<\/span>\n\t\t\t\t\t<\/span>\n\t\t\t\t\t<\/a>\n\t\t\t\t<\/div>\n\t\t\t\t\t\t\t\t<\/div>\n\t\t\t\t<\/div>\n\t\t<div class=\"elementor-element elementor-element-090f1a2 e-con-full elementor-hidden-mobile elementor-hidden-tablet e-flex e-con e-child\" data-id=\"090f1a2\" data-element_type=\"container\" data-e-type=\"container\">\n\t\t\t\t<div class=\"elementor-element elementor-element-6316456 elementor-widget elementor-widget-heading\" data-id=\"6316456\" data-element_type=\"widget\" data-e-type=\"widget\" data-widget_type=\"heading.default\">\n\t\t\t\t<div class=\"elementor-widget-container\">\n\t\t\t\t\t<h2 class=\"elementor-heading-title elementor-size-default\"><a href=\"https:\/\/wordpress.esm.agvolution.com\/\">inicio<\/a><\/h2>\t\t\t\t<\/div>\n\t\t\t\t<\/div>\n\t\t<div class=\"elementor-element elementor-element-3663c0b e-con-full e-flex e-con e-child\" data-id=\"3663c0b\" data-element_type=\"container\" data-e-type=\"container\" data-settings=\"{&quot;background_background&quot;:&quot;classic&quot;}\">\n\t\t\t\t<\/div>\n\t\t\t\t<\/div>\n\t\t\t\t<\/div>\n\t\t\t\t<\/div>\n\t\t\t\t<\/div>\n\t\t<div class=\"elementor-element elementor-element-d54b51e e-con-full e-flex e-con e-parent\" data-id=\"d54b51e\" data-element_type=\"container\" data-e-type=\"container\" data-settings=\"{&quot;background_background&quot;:&quot;classic&quot;}\">\n\t\t<div class=\"elementor-element elementor-element-a4f0c76 e-con-full e-flex e-con e-child\" data-id=\"a4f0c76\" data-element_type=\"container\" data-e-type=\"container\">\n\t\t\t\t<div class=\"elementor-element elementor-element-e286791 elementor-widget elementor-widget-text-editor\" data-id=\"e286791\" data-element_type=\"widget\" data-e-type=\"widget\" data-widget_type=\"text-editor.default\">\n\t\t\t\t<div class=\"elementor-widget-container\">\n\t\t\t\t\t\t\t\t\t<p>S<strong>ede de la empresa<\/strong> Agvolution GmbH Geismar Landstra\u00dfe 11 37083 G\u00f6ttingen<\/p>\n<p><strong>Desarrollo de hardware &#8211; Oficina de Erlangen<\/strong><br \/><strong>Direcci\u00f3n de entrega (direcci\u00f3n de Erlangen):<\/strong><br \/><span style=\"color: var( --e-global-color-text ); font-family: var( --e-global-typography-text-font-family ), Sans-serif; font-size: var( --e-global-typography-text-font-size ); font-weight: var( --e-global-typography-text-font-weight ); text-align: var(--text-align);\">Agvolution GmbH<br \/><\/span><span style=\"color: var( --e-global-color-text ); font-family: var( --e-global-typography-text-font-family ), Sans-serif; font-size: var( --e-global-typography-text-font-size ); font-weight: var( --e-global-typography-text-font-weight ); text-align: var(--text-align);\">c\/o M\u00f6bius + Ruppert GmbH &amp; Co KG<br \/><\/span><span style=\"color: var( --e-global-color-text ); font-family: var( --e-global-typography-text-font-family ), Sans-serif; font-size: var( --e-global-typography-text-font-size ); font-weight: var( --e-global-typography-text-font-weight ); text-align: var(--text-align);\">W\u00f6hrm\u00fchle 2<br \/><\/span><span style=\"color: var( --e-global-color-text ); font-family: var( --e-global-typography-text-font-family ), Sans-serif; font-size: var( --e-global-typography-text-font-size ); font-weight: var( --e-global-typography-text-font-weight ); text-align: var(--text-align);\">91056 Erlangen<\/span><\/p>\n<p>D<strong>irectivos autorizados para representar a la empresa:<\/strong> Andreas Heckmann<\/p>\n<p>Tribunal de registro: Tribunal Local de G\u00f6ttingen N\u00famero de registro: HRB 206002<\/p>\n<p>CIF: DE330284407<\/p>\n<p>Correo electr\u00f3nico <strong>de contacto<\/strong>:<\/p>\n<p>contact@agvolution.com Tel\u00e9fono: +49 (0) 551 27075944 Fax: +49 (0) 551 96745<\/p>\n\t\t\t\t\t\t\t\t<\/div>\n\t\t\t\t<\/div>\n\t\t\t\t<\/div>\n\t\t\t\t<\/div>\n\t\t\t\t<\/div>\n\t\t","protected":false},"excerpt":{"rendered":"<p>Volver inicio Sede de la empresa Agvolution GmbH Geismar Landstra\u00dfe 11 37083 G\u00f6ttingen Desarrollo de hardware &#8211; Oficina de ErlangenDirecci\u00f3n de entrega (direcci\u00f3n de Erlangen):Agvolution GmbHc\/o M\u00f6bius + Ruppert GmbH &amp; Co KGW\u00f6hrm\u00fchle 291056 Erlangen Directivos autorizados para representar a la empresa: Andreas Heckmann Tribunal de registro: Tribunal Local de G\u00f6ttingen N\u00famero de registro: HRB [&hellip;]<\/p>\n","protected":false},"author":10,"featured_media":0,"parent":0,"menu_order":0,"comment_status":"closed","ping_status":"closed","template":"","meta":{"_acf_changed":false,"footnotes":""},"class_list":["post-4787","page","type-page","status-publish","hentry"],"acf":[],"yoast_head":"<!-- This site is optimized with the Yoast SEO plugin v25.2 - https:\/\/yoast.com\/wordpress\/plugins\/seo\/ -->\n<title>Pie de imprenta - agvolution<\/title>\n<meta name=\"robots\" content=\"index, follow, max-snippet:-1, max-image-preview:large, max-video-preview:-1\" \/>\n<link rel=\"canonical\" href=\"https:\/\/agvolution.com\/es\/pie-de-imprenta\/\" \/>\n<meta property=\"og:locale\" content=\"es_ES\" \/>\n<meta property=\"og:type\" content=\"article\" \/>\n<meta property=\"og:title\" content=\"Pie de imprenta - agvolution\" \/>\n<meta property=\"og:description\" content=\"Volver inicio Sede de la empresa Agvolution GmbH Geismar Landstra\u00dfe 11 37083 G\u00f6ttingen Desarrollo de hardware &#8211; Oficina de ErlangenDirecci\u00f3n de entrega (direcci\u00f3n de Erlangen):Agvolution GmbHc\/o M\u00f6bius + Ruppert GmbH &amp; Co KGW\u00f6hrm\u00fchle 291056 Erlangen Directivos autorizados para representar a la empresa: Andreas Heckmann Tribunal de registro: Tribunal Local de G\u00f6ttingen N\u00famero de registro: HRB [&hellip;]\" \/>\n<meta property=\"og:url\" content=\"https:\/\/agvolution.com\/es\/pie-de-imprenta\/\" \/>\n<meta property=\"og:site_name\" content=\"agvolution\" \/>\n<meta property=\"article:modified_time\" content=\"2025-01-22T10:26:25+00:00\" \/>\n<meta name=\"twitter:card\" content=\"summary_large_image\" \/>\n<script type=\"application\/ld+json\" class=\"yoast-schema-graph\">{\"@context\":\"https:\/\/schema.org\",\"@graph\":[{\"@type\":\"WebPage\",\"@id\":\"https:\/\/agvolution.com\/es\/pie-de-imprenta\/\",\"url\":\"https:\/\/agvolution.com\/es\/pie-de-imprenta\/\",\"name\":\"Pie de imprenta - agvolution\",\"isPartOf\":{\"@id\":\"https:\/\/agvolution.com\/es\/#website\"},\"datePublished\":\"2024-12-09T13:39:38+00:00\",\"dateModified\":\"2025-01-22T10:26:25+00:00\",\"breadcrumb\":{\"@id\":\"https:\/\/agvolution.com\/es\/pie-de-imprenta\/#breadcrumb\"},\"inLanguage\":\"es\",\"potentialAction\":[{\"@type\":\"ReadAction\",\"target\":[\"https:\/\/agvolution.com\/es\/pie-de-imprenta\/\"]}]},{\"@type\":\"BreadcrumbList\",\"@id\":\"https:\/\/agvolution.com\/es\/pie-de-imprenta\/#breadcrumb\",\"itemListElement\":[{\"@type\":\"ListItem\",\"position\":1,\"name\":\"Startseite\",\"item\":\"https:\/\/agvolution.com\/es\/\"},{\"@type\":\"ListItem\",\"position\":2,\"name\":\"Pie de imprenta\"}]},{\"@type\":\"WebSite\",\"@id\":\"https:\/\/agvolution.com\/es\/#website\",\"url\":\"https:\/\/agvolution.com\/es\/\",\"name\":\"agvolution\",\"description\":\"Wir bringen die pflanzenbauliche Wissenschaft in die Praxis.\",\"potentialAction\":[{\"@type\":\"SearchAction\",\"target\":{\"@type\":\"EntryPoint\",\"urlTemplate\":\"https:\/\/agvolution.com\/es\/?s={search_term_string}\"},\"query-input\":{\"@type\":\"PropertyValueSpecification\",\"valueRequired\":true,\"valueName\":\"search_term_string\"}}],\"inLanguage\":\"es\"}]}<\/script>\n<!-- \/ Yoast SEO plugin. -->","yoast_head_json":{"title":"Pie de imprenta - agvolution","robots":{"index":"index","follow":"follow","max-snippet":"max-snippet:-1","max-image-preview":"max-image-preview:large","max-video-preview":"max-video-preview:-1"},"canonical":"https:\/\/agvolution.com\/es\/pie-de-imprenta\/","og_locale":"es_ES","og_type":"article","og_title":"Pie de imprenta - agvolution","og_description":"Volver inicio Sede de la empresa Agvolution GmbH Geismar Landstra\u00dfe 11 37083 G\u00f6ttingen Desarrollo de hardware &#8211; Oficina de ErlangenDirecci\u00f3n de entrega (direcci\u00f3n de Erlangen):Agvolution GmbHc\/o M\u00f6bius + Ruppert GmbH &amp; Co KGW\u00f6hrm\u00fchle 291056 Erlangen Directivos autorizados para representar a la empresa: Andreas Heckmann Tribunal de registro: Tribunal Local de G\u00f6ttingen N\u00famero de registro: HRB [&hellip;]","og_url":"https:\/\/agvolution.com\/es\/pie-de-imprenta\/","og_site_name":"agvolution","article_modified_time":"2025-01-22T10:26:25+00:00","twitter_card":"summary_large_image","schema":{"@context":"https:\/\/schema.org","@graph":[{"@type":"WebPage","@id":"https:\/\/agvolution.com\/es\/pie-de-imprenta\/","url":"https:\/\/agvolution.com\/es\/pie-de-imprenta\/","name":"Pie de imprenta - agvolution","isPartOf":{"@id":"https:\/\/agvolution.com\/es\/#website"},"datePublished":"2024-12-09T13:39:38+00:00","dateModified":"2025-01-22T10:26:25+00:00","breadcrumb":{"@id":"https:\/\/agvolution.com\/es\/pie-de-imprenta\/#breadcrumb"},"inLanguage":"es","potentialAction":[{"@type":"ReadAction","target":["https:\/\/agvolution.com\/es\/pie-de-imprenta\/"]}]},{"@type":"BreadcrumbList","@id":"https:\/\/agvolution.com\/es\/pie-de-imprenta\/#breadcrumb","itemListElement":[{"@type":"ListItem","position":1,"name":"Startseite","item":"https:\/\/agvolution.com\/es\/"},{"@type":"ListItem","position":2,"name":"Pie de imprenta"}]},{"@type":"WebSite","@id":"https:\/\/agvolution.com\/es\/#website","url":"https:\/\/agvolution.com\/es\/","name":"agvolution","description":"Wir bringen die pflanzenbauliche Wissenschaft in die Praxis.","potentialAction":[{"@type":"SearchAction","target":{"@type":"EntryPoint","urlTemplate":"https:\/\/agvolution.com\/es\/?s={search_term_string}"},"query-input":{"@type":"PropertyValueSpecification","valueRequired":true,"valueName":"search_term_string"}}],"inLanguage":"es"}]}},"_links":{"self":[{"href":"https:\/\/agvolution.com\/es\/wp-json\/wp\/v2\/pages\/4787","targetHints":{"allow":["GET"]}}],"collection":[{"href":"https:\/\/agvolution.com\/es\/wp-json\/wp\/v2\/pages"}],"about":[{"href":"https:\/\/agvolution.com\/es\/wp-json\/wp\/v2\/types\/page"}],"author":[{"embeddable":true,"href":"https:\/\/agvolution.com\/es\/wp-json\/wp\/v2\/users\/10"}],"replies":[{"embeddable":true,"href":"https:\/\/agvolution.com\/es\/wp-json\/wp\/v2\/comments?post=4787"}],"version-history":[{"count":1,"href":"https:\/\/agvolution.com\/es\/wp-json\/wp\/v2\/pages\/4787\/revisions"}],"predecessor-version":[{"id":4788,"href":"https:\/\/agvolution.com\/es\/wp-json\/wp\/v2\/pages\/4787\/revisions\/4788"}],"wp:attachment":[{"href":"https:\/\/agvolution.com\/es\/wp-json\/wp\/v2\/media?parent=4787"}],"curies":[{"name":"wp","href":"https:\/\/api.w.org\/{rel}","templated":true}]}}